{"id":7036,"date":"2020-12-01T02:05:44","date_gmt":"2020-12-01T02:05:44","guid":{"rendered":"https:\/\/elementor2.thembay.com\/aora\/?page_id=7036"},"modified":"2025-01-22T22:41:44","modified_gmt":"2025-01-22T21:41:44","slug":"privacy-policy-2","status":"publish","type":"page","link":"http:\/\/www.staging.abutmentinrete.com\/stage2\/privacy-policy-2\/","title":{"rendered":"Privacy Policy"},"content":{"rendered":"\t\t<div data-elementor-type=\"wp-page\" data-elementor-id=\"7036\" class=\"elementor elementor-7036\">\n\t\t\t\t\t\t\t\t\t<section class=\"elementor-section elementor-top-section elementor-element elementor-element-1041d7c elementor-section-stretched elementor-section-boxed elementor-section-height-default elementor-section-height-default\" data-id=\"1041d7c\" data-element_type=\"section\" data-settings=\"{&quot;stretch_section&quot;:&quot;section-stretched&quot;}\">\n\t\t\t\t\t\t<div class=\"elementor-container elementor-column-gap-default\">\n\t\t\t\t\t<div class=\"elementor-column elementor-col-100 elementor-top-column elementor-element elementor-element-a960631\" data-id=\"a960631\" data-element_type=\"column\">\n\t\t\t<div class=\"elementor-widget-wrap elementor-element-populated\">\n\t\t\t\t\t\t\t\t<div class=\"elementor-element elementor-element-3309851 elementor-widget elementor-widget-text-editor\" data-id=\"3309851\" data-element_type=\"widget\" data-widget_type=\"text-editor.default\">\n\t\t\t\t<div class=\"elementor-widget-container\">\n\t\t\t\t\t\t\t<p><strong>INFORMATIVA PRIVACY<\/strong><\/p><p>\u00a0<\/p><p><strong>1 &#8211; Informazioni relative alla Privacy del sito<\/strong><\/p><p>\u00a0<\/p><ol><li>In questa sezione sono contenute le informazioni relative alle modalit\u00e0 di gestione di abutmentinrete.com, di propriet\u00e0 di Dispomed Italia SRL, in riferimento al trattamento dei dati degli utenti del sito stesso.<\/li><li>La presente informativa ha valore anche ai fin dell&#8217;articolo 13 del Regolamento (UE) n. 2016\/679, relativo alla protezione delle persone fisiche con riguardo al trattamento dei dati personali nonch\u00e9 alla libera circolazione di tali dati, per i soggetti che interagiscono con abutmentinrete.com.<\/li><li>L&#8217;informativa \u00e8 resa solo per abutmentinrete.com e non anche per altri siti web eventualmente consultati dall&#8217;utente tramite link in esso contenuti.<\/li><li>Scopo del presente documento \u00e8 fornire indicazioni circa le modalit\u00e0, i tempi e la natura delle informazioni che i titolari del trattamento devono fornire agli utenti al momento della connessione alle pagine web di Abutment InRete, indipendentemente dagli scopi del collegamento stesso, secondo la legislazione Italiana ed Europea.<\/li><li>L&#8217;informativa pu\u00f2 subire modifiche a causa dell&#8217;introduzione di nuove norme al riguardo, si invita pertanto l&#8217;utente a controllare periodicamente la presente pagina.<\/li><li>Se l&#8217;utente ha meno di quattordici anni, ai sensi dell&#8217;art.8, c.1 regolamento (UE) 2016\/679, e dell&#8217;Art. 2- Quinquies del D.Lgs. 196\/2003, cos\u00ec come modificato dal D.Lgs. 181\/18, dovr\u00e0 legittimare il suo consenso attraverso l&#8217;autorizzazione dei genitori o di chi ne fa le veci.<\/li><\/ol><p>\u00a0<\/p><p><strong>2 &#8211; Titolare del trattamento<\/strong><\/p><p>\u00a0<\/p><ol><li>Il titolare del trattamento \u00e8 la persona fisica o giuridica, l&#8217;autorit\u00e0 pubblica, il servizio o altro organismo che, singolarmente o insieme ad altri, determina le finalit\u00e0 e i mezzi del trattamento di dati personali. Si occupa anche dei profili sulla sicurezza.<\/li><li>Relativamente al presente sito web il titolare del trattamento \u00e8: Dispomed Italia SRL, e per ogni chiarimento o esercizio dei diritti dell&#8217;utente potr\u00e0 contattarlo al seguente indirizzo mail: info@abutmentinrete.com<\/li><\/ol><p>\u00a0<\/p><p><strong>3 &#8211; Luogo trattamento dati<\/strong><\/p><p>\u00a0<\/p><ol><li>Il trattamento dei dati generato dall&#8217;utilizzo di abutmentinrete.com avviene presso Via S. G. Cristiano 15 &#8211; 80025 Casandrino (NA).<\/li><li>In caso di necessit\u00e0, i dati connessi al servizio newsletter possono essere trattati dal responsabile del trattamento o soggetti da esso incaricati a tal fine presso la relativa sede.<\/li><\/ol><p>\u00a0<\/p><p><strong>4 &#8211; Base giuridica del trattamento<\/strong><\/p><p>\u00a0<\/p><ol><li>Il trattamento dei dati personali da parte di abutmentinrete.com si basa sul consenso &#8211; ai sensi dell&#8217;art. 6, par. 1, lett. a) del Regolamento UE 2016\/679 &#8211; espresso dall&#8217;utente mediante la navigazione su questo sito web e la sua consultazione, cos\u00ec accettando la presente informativa.<\/li><li>Il consenso \u00e8 facoltativo e pu\u00f2 essere revocato in qualsiasi momento mediante richiesta inviata a mezzo email a info@abutmentinrete.com precisando che, in tal caso, in assenza di consenso non potranno essere erogati alcuni servizi e la navigazione sul sito web potrebbe essere compromessa.<\/li><\/ol><p>\u00a0<\/p><p><strong>5 &#8211; Cookies<\/strong><\/p><p>\u00a0<\/p><ol><li>In questa sezione viene descritto in che modo questo Sito e terze parti utilizzano i cookie e tecnologie similari. L&#8217;utilizzo dei cookie avviene nel rispetto della relativa normativa europea (direttiva 2009\/136\/CE ha modificato la direttiva 2002\/58\/CE &#8220;E Privacy) e nazionale (Provvedimento Garante per la protezione dei dati personali dell&#8217;8 maggio 2014 e successivi chiarimenti nonch\u00e9 Linee Guida cookie e altri strumenti di tracciamento del 10 giugno 2021 n.231).<\/li><li>Per avere informazioni complete riguardo ai cookies visitare la nostra cookie policy: <a href=\"http:\/\/www.staging.abutmentinrete.com\/stage2\/cookie-policy\">www.abutmentinrete.com\/cookie-policy<\/a> .<\/li><\/ol><p>\u00a0<\/p><p><strong>6 &#8211; Tipologia di trattamento dati<\/strong><\/p><p>\u00a0<\/p><ol><li>Il trattamento dei dati personali \u00e8 necessario per il perseguimento del legittimo interesse del titolare del trattamento per finalit\u00e0 di fornire informazioni circa l&#8217;attivit\u00e0 di Abutment.inrete ai sensi dell&#8217;art. 6, par. 1, lett.) del Regolamento UE 2016\/679, nel rispetto di quanto previsto dal medesimo Regolamento.<\/li><li>Il presente sito fa uso di Log Files nei quali vengono conservate informazioni raccolte in maniera automatizzata durante le visite degli utenti. Le informazioni raccolte potrebbero essere le seguenti:<br \/>&#8211; indirizzo internet protocol (IP);<br \/>&#8211; tipo di browser e parametri del dispositivo usato per connettersi al sito;<br \/>&#8211; nome dell&#8217;internet service provider (ISP);<br \/>&#8211; data e orario di visita;<br \/>&#8211; pagina web di provenienza del visitatore (referral) e di uscita;<br \/>&#8211; eventualmente il numero di click.<\/li><li>Le suddette informazioni sono trattate in forma automatizzata e raccolte in forma esclusivamente aggregata al fine di verificare il corretto funzionamento del sito, e per motivi di sicurezza. Tali informazioni saranno trattate in base ai legittimi interessi del titolare.<\/li><li>A fini di sicurezza (filtri antispam, firewall, rilevazione virus), i dati registrati automaticamente possono eventualmente comprendere anche dati personali come l&#8217;indirizzo Ip, che potrebbe essere utilizzato, conformemente alle leggi vigenti in materia, al fine di bloccare tentativi di danneggiamento al sito medesimo o di recare danno ad altri utenti, o comunque attivit\u00e0 dannose o costituenti reato. Tali dati non sono mai utilizzati per l&#8217;identificazione o la profilazione dell&#8217;utente, ma solo a fini di tutela del sito e dei suoi utenti, tali informazioni saranno trattate in base ai legittimi interessi del titolare.<\/li><\/ol><p>\u00a0<\/p><p><strong>7 &#8211; Tipologia di dati acquisti<\/strong><\/p><p>\u00a0<\/p><ol><li>abutmentinrete.com raccoglie i dati degli utenti direttamente dal sito o da terze parti. I dati sono necessari per la navigazione del sito.<\/li><li>I dati raccolti da abutmentinrete.com sono:<br \/>Nome, cognome, numero di telefono, email, indirizzo di fatturazione, indirizzo di spedizione, C.F, Piva, CUU, PEC, preferenze di pagamento, preferenze di spedizione.<\/li><\/ol><p>\u00a0<\/p><p><strong>8 &#8211; Dati forniti dall&#8217;utente<\/strong><\/p><p>\u00a0<\/p><ol><li>Qualora il sito consenta l&#8217;inserimento di commenti, oppure in caso di specifici servizi richiesti dall&#8217;utente, ivi compresi la possibilit\u00e0 di inviare il Curriculum Vitae per un eventuale rapporto lavorativo, il sito rileva automaticamente e registra alcuni dati identificativi dell&#8217;utente, compreso l&#8217;indirizzo mail. Tali dati si intendono volontariamente forniti dall&#8217;utente al momento della richiesta di erogazione del servizio.<\/li><li>Inserendo un commento o altra informazione l&#8217;utente accetta espressamente l&#8217;informativa privacy. | dati ricevuti verranno utilizzati esclusivamente per l&#8217;erogazione del servizio richiesto e per il solo tempo necessario per la fornitura del servizio.<\/li><li>Le informazioni che gli utenti del sito riterranno di rendere pubbliche tramite i servizi e gli strumenti messi a disposizione degli stessi, sono fornite dall&#8217;utente consapevolmente e volontariamente, esentando il presente sito da qualsiasi responsabilit\u00e0 in merito ad eventuali violazioni delle leggi. Spetta all&#8217;utente verificare di avere i permessi per l&#8217;immissione di dati personali di terzi o di contenuti tutelati dalle norme nazionali ed internazionali.<\/li><li>L&#8217;invio facoltativo, esplicito e volontario di posta elettronica agli indirizzi indicati su questo sito comporta la successiva acquisizione dell&#8217;indirizzo del mittente, necessario per rispondere alle richieste, nonch\u00e9 degli eventuali altri dati personali inseriti nella missiva.<\/li><li>Specifiche informative di sintesi verranno progressivamente riportate o visualizzate nelle pagine del sito predisposte per particolari servizi a richiesta.<\/li><\/ol><p>\u00a0<\/p><p><strong>9 &#8211; Finalit\u00e0 del trattamento dati<\/strong><\/p><p>\u00a0<\/p><ol><li>I dati raccolti dal sito durante il suo funzionamento sono utilizzati per finalit\u00e0 sopra indicate e per le seguenti finalit\u00e0:<br \/>newsletter (su richiesta)<\/li><\/ol><p>\u00a0<\/p><p><strong>10 &#8211; Conservazione Dati<\/strong><\/p><p>\u00a0<\/p><ol><li>Conformemente a quanto prescritto dall&#8217;art. 5.1(c) del Regolamento, i sistemi informativi e i programmi informatici utilizzati da abutmentinrete.com sono configurati in modo da ridurre al minimo l&#8217;uso di dati personali e identificativi; tali dati saranno trattati solo nella misura necessaria per il conseguimento delle finalit\u00e0 indicate nella presente Policy.<\/li><li>I dati verranno conservati per il periodo di tempo strettamente necessario al conseguimento delle finalit\u00e0 in concreto perseguite e, in ogni caso, il criterio utilizzato per determinare il periodo di conservazione \u00e8 improntato al rispetto dei termini consentiti dalle leggi applicabili e dai principi di minimizzazione del trattamento e limitazione della conservazione.<\/li><li>I dati utilizzati a fini di sicurezza (blocco tentativi di danneggiamento del sito) sono conservati per il tempo strettamente necessario al raggiungimento del fine anteriormente indicato.<\/li><\/ol><p>\u00a0<\/p><p><strong>11 &#8211; Pagamenti<\/strong><\/p><p>\u00a0<\/p><ol><li>abutmentinrete.com utilizza servizi di pagamento per eseguire pagamenti con carta di credito, bonifico bancario o altri strumenti. Abutmentinrete.com non raccoglie o acquisisce i dati usati per il pagamento.<\/li><li>I dati per il pagamento sono raccolti e acquisiti direttamente dal gestore del servizio di pagamento, come l&#8217;ente carta di credito, PayPal, Stripe o simili. Questi servizi possono effettuare invio di messaggi verso l&#8217;utente, per esempio email o sms di notifiche del pagamento.<\/li><li>I dati acquisiti e l&#8217;utilizzo degli stessi da parte di servizi terzi sono regolamentati dalle rispettive Privacy Policy alle quali si prega di fare riferimento:<br \/><br \/>PayPal, Fornitore del servizio: PayPal, Inc. Finalit\u00e0 del servizio: effettuare pagamenti online.<br \/>Dati personali raccolti: tipologie di dati secondo quanto specificato dalla privacy policy del servizio.<br \/>Luogo del trattamento: secondo quanto specificato dalla privacy policy del servizio Privacy Policy (https:\/www.paypal.com\/it\/webapps\/mpp\/ua\/privacy-full)<br \/><br \/>Stripe, Fornitore del servizio: Stripe, Inc. Finalit\u00e0 del servizio: effettuare pagamenti online.<br \/>Dati personali raccolti: tipologie di dati secondo quanto specificato dalla privacy policy del servizio.<br \/>Luogo del trattamento: secondo quanto specificato dalla privacy policy del servizio Privacy Policy (https:\/stripe.comy.it\/privacy)<\/li><\/ol><p>\u00a0<\/p><p><strong>12 &#8211; Newsletter<br \/><br \/><\/strong><\/p><ol><li>Con il consenso previo dell&#8217;utente, e tramite registrazione volontaria via email, questo viene inserito in una lista di contatti a cui verranno inviate periodicamente delle email di aggiornamento, anche di promozione e marketing, derivanti dal presente sito.<\/li><li>All&#8217;utente viene inviata una email (all&#8217;indirizzo email indicato) con all&#8217;interno un link su cui cliccare per confermare che l&#8217;utente sia realmente il proprietario dell&#8217;indirizzo email.<\/li><li>Dati personali che potrebbero essere raccolti nella newsletter:<br \/>Nome, Cognome, Numero di telefono, Email<\/li><\/ol><p>\u00a0<\/p><p><strong>13 &#8211; Moduli di contatto<\/strong><\/p><p>\u00a0<\/p><ol><li>L&#8217;utente pu\u00f2 compilare il\/i moduli di contatto\/richiesta informazioni, inserendo i propri dati e acconsentendo al loro uso per rispondere alle richieste di natura indicata nella intestazione del modulo.<\/li><li>Dati personali che potrebbero essere raccolti: <br \/>Nome, Cognome, Numero di telefono, Email<\/li><\/ol><p>\u00a0<\/p><p><strong>14 &#8211; Interazione social network<\/strong><\/p><p>\u00a0<\/p><ol><li>Il presente sito incorpora anche plugin e\/o bottoni per i social network, al fine di consentire una facile condivisione dei contenuti sui vostri social network preferiti. Tali plugin sono programmati in modo da non impostare alcun cookie all&#8217;accesso della pagina, per salvaguardare la privacy degli utenti. Eventualmente i cookie vengono impostati, se cos\u00ec previsto dai social network, solo quando l&#8217;utente fa effettivo e volontario uso del plugin. Si tenga presente che se l&#8217;utente naviga avendo effettuato il login nel social network allora ha gi\u00e0 acconsentito all&#8217;uso dei cookie veicolati tramite questo sito al momento dell&#8217;iscrizione al social network.<\/li><li>Questo tipo di servizi permette di effettuare interazioni con i social network, o con altre piattaforme estere, direttamente dalle pagine di abutmentinrete.com .<\/li><li>Le interazioni e le informazioni acquisite da abutmentinrete.com sono in ogni caso soggette alle impostazioni privacy dell&#8217;Utente relative ad ogni social network. Nel caso in cui sia installato un servizio di interazione con i social network, \u00e8 possibile che, anche nel caso gli Utenti non utilizzino il servizio, lo stesso raccolga dati di traffico relativi alle pagine in cui \u00e8 installato.<br \/><br \/>Pulsante e widget sociali di Linkedin (LinkedIn Corporation).<br \/>Il pulsante e i widget sociali di Linkedin \u2018sono servizi di interazione con il social network Linkedin, forniti da LinkedIn Corporation.<br \/>Dati Personali raccolti: Cookie e Dati di utilizzo. <br \/>Luogo del trattamento: Stati Uniti \u2014 Privacy Policy: https:\/www.linkedin.com\/legal\/privacy-policy<br \/><br \/>Pulsante Mi Piace e widget sociali di Facebook (Facebook, Inc.) <br \/>Il pulsante &#8220;Mi Piace&#8221; e i widget sociali di Facebook sono servizi di interazione con il social network Facebook, forniti da Facebook, Inc. <br \/>Dati Personali raccolti: Cookie e Dati di utilizzo. <br \/>Luogo del trattamento: Stati Uniti \u2014 Privacy Policy: <a href=\"https:\/\/Wwww.facebook.com\/privacy\/explanation\">https:\/\/Wwww.facebook.com\/privacy\/explanation<\/a> .<br \/><br \/>Pulsante Tweet e widget sociali di Twitter (Twitter, Inc.)<br \/>Il pulsante Tweet e i widget sociali di Twitter sono servizi di interazione con il social network Twitter, forniti da Twitter, Inc.<br \/>Dati Personali raccolti Cookie e Dati di utilizzo. <br \/>Luogo del trattamento: Stati Uniti \u2014 Privacy Policy: https:\/twitter.com\/en\/privacy .<br \/><br \/>Pulsante +1 e widget sociali di Google+ (Google Inc.)<br \/>I pulsante +1 e i widget sociali di Google+ sono servizi di interazione con il social network Google+, forniti da Google inc.<br \/>Dati Personali raccolti Cookie e Dati di utilizzo. <br \/>Luogo del trattamento: Stati Uniti \u2014 Privacy Policy: https:\/policies.google.com\/privacy?h=it .<br \/><br \/>Pulsante Pin It e widget sociali di Pinterest (Pinterest Inc.)<br \/>Pulsante Pin It e i widget sociali di Pinterest sono servizi di interazione con il social network Pinterest, fornito da Pinterest Inc.<br \/>Dati Personali raccolti: Cookie e Dati di utilizzo. <br \/>Luogo del trattamento: USA &#8211; Privacy Policy: <a href=\"https:\/\/policy.pinterest.com\/it\/privacy-policy\">https:\/\/policy.pinterest.com\/it\/privacy-policy<\/a><br \/><br \/>Pulsante e widget sociali di Instagram (Instagram, Inc.)<br \/>Il pulsante e i widget sociali di Instagram sono servizi di interazione con il social network Instagram, fornito da Instagram, Inc. <br \/>Dati Personali raccolti: Cookie e Dati di utilizzo <br \/>Luogo del trattamento: USA \u2014 Privacy Policy: <a href=\"https:\/\/help.instagram.com\/196883487377501\">https:\/\/help.instagram.com\/196883487377501<\/a><\/li><\/ol><p>\u00a0<\/p><p><strong>15 &#8211; Diritti dell&#8217;utente<\/strong><\/p><p>\u00a0<\/p><ol><li>Viene garantito all&#8217;utente il rispetto dei suoi diritti nell&#8217;ambito della protezione dei dati personali. In linea con quanto ripreso e affermato dal GDPR, in relazione al trattamento dei propri dati personali, l&#8217;utente ha diritto di chiedere al Titolare:<br \/><br \/>&#8211; l&#8217;accesso: l&#8217;utente pu\u00f2 chiedere conferma che sia o meno in essere un trattamento di dati che lo riguarda, oltre a maggiori chiarimenti circa le informazioni di cui alla presente informativa;<br \/><br \/>* La rettifica: pu\u00f2 chiedere di rettificare o integrare i dati che ha fornito, qualora inesatti o incompleti;<br \/><br \/>+ La cancellazione: pu\u00f2 chiedere che i suoi dati vengano cancellati, qualora non siano pi\u00f9 necessari alle nostre finalit\u00e0, in caso di revoca del consenso o opposizione al trattamento, in caso di trattamento illecito, ovvero sussista un obbligo legale di cancellazione o si riferiscano a soggetti minori di anni quattordici;<br \/><br \/>&#8211; La limitazione: pu\u00f2 chiedere che i suoi dati siano trattati solo ai fini della conservazione, con esclusioni di altri trattamenti, per il periodo necessario alla rettifica dei suoi dati, in caso di trattamento illecito per il quale si opponga alla cancellazione, qualora lei debba esercitare i suoi diritti in sede giudiziaria e i dati conservati dal Titolare le possono essere utili e, infine, in caso di opposizione al trattamento e sia in corso una verifica sulla prevalenza dei motivi legittimi del Titolare rispetto ai suoi.<br \/><br \/>&#8211; L&#8217;opposizione: pu\u00f2 opporsi in qualunque momento al trattamento dei suoi dati, salvo che vi siano motivi legittimi del Titolare per procedere al trattamento che prevalgano sui suoi, per esempio per l&#8217;esercizio o la propria difesa in sede giudiziaria.<br \/><br \/>* La portabilit\u00e0: pu\u00f2 chiedere di ricevere i suoi dati, o di farli trasmettere ad altro titolare da lei indicato, in un formato strutturato, di uso comune e leggibile da dispositivo automatico.<br \/><br \/>+ La revoca: pu\u00f2 revocare il suo consenso all&#8217;utilizzo di cookie (Cookie Policy) in qualsiasi momento, poich\u00e9 in questo caso costituisca la base del trattamento. La revoca del consenso comunque non pregiudica la liceit\u00e0 del trattamento basata sul consenso svolto prima della revoca stessa.<\/li><\/ol><ol start=\"2\"><li>In qualsiasi momento l&#8217;utente pu\u00f2 chiedere di esercitare i suddetti diritti a abutmentinrete.com rivolgendosi all&#8217;indirizzo mail: <a href=\"mailto:info@abutmentinrete.com\">info@abutmentinrete.com<\/a> .<\/li><li>Inoltre, l&#8217;utente ha diritto di proporre reclamo nei confronti dell&#8217;Autorit\u00e0 di controllo italiana: &#8220;Garante per la Protezione dei Dati Personali\u201d nel caso in cui ritenga che i suoi diritti siano stati violati da abutmentinrete.com o nel caso in cui non ritenga soddisfacente la risposta di abutmentinrete.com alle sue richieste.<\/li><\/ol><p>\u00a0<\/p><ol start=\"16\"><li><strong> Modifiche al presente documento<\/strong><\/li><\/ol><ol><li>Il presente documento, che costituisce la privacy policy di questo sito, \u00e8 pubblicato all&#8217;indirizzo: www.abutmentinrete.com\/privacy-policy\/<\/li><li><span style=\"font-size: 14px;\">Esso pu\u00f2 essere soggetto a modifiche o aggiornamenti. S\u00ec invitano gli utenti a consultare <\/span>periodicamente la presente pagina per essere sempre aggiornati sulle ultime novit\u00e0 legislative.<\/li><li>Le versioni precedenti del documento saranno comunque consultabili a questa pagina.<\/li><li>Il documento \u00e8 stato aggiornato in data 6\/05\/2022 per essere conforme alle disposizioni normative in materia, ed in particolare in conformit\u00e0 al Regolamento (UE) 2016\/679.<\/li><\/ol>\t\t\t\t\t\t<\/div>\n\t\t\t\t<\/div>\n\t\t\t\t\t<\/div>\n\t\t<\/div>\n\t\t\t\t\t\t\t<\/div>\n\t\t<\/section>\n\t\t\t\t\t\t\t<\/div>\n\t\t","protected":false},"excerpt":{"rendered":"<p>INFORMATIVA PRIVACY \u00a0 1 &#8211; Informazioni relative alla Privacy del sito \u00a0 In questa sezione sono contenute le informazioni relative alle modalit\u00e0 di gestione di abutmentinrete.com, di propriet\u00e0 di Dispomed Italia SRL, in riferimento al trattamento dei dati degli utenti del sito stesso. La presente informativa ha valore anche ai fin dell&#8217;articolo 13 del Regolamento &hellip; <a href=\"http:\/\/www.staging.abutmentinrete.com\/stage2\/privacy-policy-2\/\" class=\"more-link\">Continue reading <span class=\"screen-reader-text\">Privacy Policy<\/span><\/a><\/p>\n","protected":false},"author":1,"featured_media":0,"parent":0,"menu_order":0,"comment_status":"closed","ping_status":"closed","template":"","meta":{"_mo_disable_npp":"","footnotes":""},"class_list":["post-7036","page","type-page","status-publish","hentry"],"_links":{"self":[{"href":"http:\/\/www.staging.abutmentinrete.com\/stage2\/wp-json\/wp\/v2\/pages\/7036","targetHints":{"allow":["GET"]}}],"collection":[{"href":"http:\/\/www.staging.abutmentinrete.com\/stage2\/wp-json\/wp\/v2\/pages"}],"about":[{"href":"http:\/\/www.staging.abutmentinrete.com\/stage2\/wp-json\/wp\/v2\/types\/page"}],"author":[{"embeddable":true,"href":"http:\/\/www.staging.abutmentinrete.com\/stage2\/wp-json\/wp\/v2\/users\/1"}],"replies":[{"embeddable":true,"href":"http:\/\/www.staging.abutmentinrete.com\/stage2\/wp-json\/wp\/v2\/comments?post=7036"}],"version-history":[{"count":3,"href":"http:\/\/www.staging.abutmentinrete.com\/stage2\/wp-json\/wp\/v2\/pages\/7036\/revisions"}],"predecessor-version":[{"id":18976,"href":"http:\/\/www.staging.abutmentinrete.com\/stage2\/wp-json\/wp\/v2\/pages\/7036\/revisions\/18976"}],"wp:attachment":[{"href":"http:\/\/www.staging.abutmentinrete.com\/stage2\/wp-json\/wp\/v2\/media?parent=7036"}],"curies":[{"name":"wp","href":"https:\/\/api.w.org\/{rel}","templated":true}]}}